{"id":2,"date":"2018-02-22T21:05:13","date_gmt":"2018-02-22T20:05:13","guid":{"rendered":"http:\/\/275449.webhosting31.1blu.de\/?page_id=2"},"modified":"2023-01-11T16:22:28","modified_gmt":"2023-01-11T15:22:28","slug":"verein","status":"publish","type":"page","link":"https:\/\/mfh-nattheim.de\/wordpress\/verein\/","title":{"rendered":"Verein"},"content":{"rendered":"<p><strong>Die Motorradfreunde H\u00e4rtsfeld e.V. stellen sich vor:<\/strong><\/p>\n<p><b>Ein Verein den man kennen sollte.<\/b><\/p>\n<p>Begonnen hat die Geschichte des Vereins, als sich im Sommer 1984 5 Motorradfahrer Gedanken machten, wie man organisiert einige Ausfahrten und Treffen mit Gleichgesinnten veranstalten k\u00f6nnte. Da es bei uns auf der schw\u00e4bischen Alb damals keine Alternative gab, fanden sich schnell einige \u201eMotorradfreunde\u201c und gr\u00fcndeten am 1.8.1984 den Verein \u201eMotorradfreunde H\u00e4rtsfeld\u201c.<\/p>\n<p>Bereits ein knappes Jahr sp\u00e4ter (im Mai 1985) &#8211; die Anzahl der Mitglieder war bereits auf 20 angewachsen &#8211; wurde eine Satzung erstellt, so dass man ins Vereinsregister Hdh. eingetragen werden konnte.<\/p>\n<p>Als erstes Vereinsheim wurde 1986 kurzerhand eine kleine Fabrikhalle in Steinweiler angemietet. 3 Jahre lang konnten wir dort unsere Treffen abhalten und legend\u00e4re Partys feiern. Durch einen Eigent\u00fcmerwechsel wurde uns gek\u00fcndigt und wir standen 1989 wieder mit leeren H\u00e4nden da.<\/p>\n<p>Nach 6 vereinsheimlosen Jahren beschlossen wir 1995 ein eigenes, neues Vereinsheim zu bauen. Etwas Geld hatten wir gespart, gen\u00fcgend handwerklich begabte Mitglieder haben wir sowieso und der Arbeitswille einiger fleissigen war nicht zu b\u00e4ndigen.<\/p>\n<p>Erste Anlaufschwierigkeiten wurden \u00fcberwunden und im Gewerbegebiet Nord in Nattheim konnte ein geeigneter Bauplatz gefunden werden. In vielen freiwilligen Arbeitsstunden entstand dort unser Vereinsheim, f\u00fcr das wir heute eine offizielle \u201eVereinsheim-Gastst\u00e4ttenkonzession\u201c haben.<\/p>\n<p>180 aktive und passive Mitglieder z\u00e4hlt der Verein bis dato. Quer durch alle Schichten. Von 10 bis \u00fcber 70 Jahren reicht unser Alterspegel.<\/p>\n<p>Motorr\u00e4der aller Kategorien sind vertreten. <span lang=\"en-US\">Tourer, Enduros, Naked Bikes, Supersportler, SuperMoto und Cruiser.<\/span><\/p>\n<p><a name=\"_GoBack\"><\/a>Wir besuchen Endurotrainings, Renntrainings und veranstalten auch sonst gemeinsame Aktivit\u00e4ten wie z.B skifahren. Traditionell sind unsere Saisonbeginn- und -abschlussfahrten, die meist \u00fcber ein verl\u00e4ngertes Wochenende stattfinden. Zum Highlight hat sich die j\u00e4hrliche \u201eAction Tour\u201c entwickelt . Mit \u00fcber 40 Teilnehmern bildet sich ein so grosses Fahrerfeld , dass in Gruppen eingeteilt werden muss. Die letzten Jahre f\u00fchrten uns in den Bayerischen Wald, in die Eifel, nach S\u00fcdtirol, ins Erzgebirge mit MotoGP Besuch am Sachsenring, ins Kaunertal und in die Region um den Gardasee.<\/p>\n<p>Interessierte und neugierige, egal welchen Alters sind herzlich willkommen \u2013 in unserem Vereinsheim und auf <span style=\"color: #0000ff;\"><u><a href=\"http:\/\/www.mfh-nattheim.de\/\">www.mfh-nattheim.de<\/a><\/u><\/span><\/p>\n","protected":false},"excerpt":{"rendered":"<p>Die Motorradfreunde H\u00e4rtsfeld e.V. stellen sich vor: Ein Verein den man kennen sollte. Begonnen hat die Geschichte des Vereins, als<\/p>\n","protected":false},"author":1,"featured_media":0,"parent":0,"menu_order":0,"comment_status":"closed","ping_status":"open","template":"","meta":{"footnotes":""},"class_list":["post-2","page","type-page","status-publish","hentry"],"_links":{"self":[{"href":"https:\/\/mfh-nattheim.de\/wordpress\/wp-json\/wp\/v2\/pages\/2","targetHints":{"allow":["GET"]}}],"collection":[{"href":"https:\/\/mfh-nattheim.de\/wordpress\/wp-json\/wp\/v2\/pages"}],"about":[{"href":"https:\/\/mfh-nattheim.de\/wordpress\/wp-json\/wp\/v2\/types\/page"}],"author":[{"embeddable":true,"href":"https:\/\/mfh-nattheim.de\/wordpress\/wp-json\/wp\/v2\/users\/1"}],"replies":[{"embeddable":true,"href":"https:\/\/mfh-nattheim.de\/wordpress\/wp-json\/wp\/v2\/comments?post=2"}],"version-history":[{"count":9,"href":"https:\/\/mfh-nattheim.de\/wordpress\/wp-json\/wp\/v2\/pages\/2\/revisions"}],"predecessor-version":[{"id":3891,"href":"https:\/\/mfh-nattheim.de\/wordpress\/wp-json\/wp\/v2\/pages\/2\/revisions\/3891"}],"wp:attachment":[{"href":"https:\/\/mfh-nattheim.de\/wordpress\/wp-json\/wp\/v2\/media?parent=2"}],"curies":[{"name":"wp","href":"https:\/\/api.w.org\/{rel}","templated":true}]}}